{"id":1439,"date":"2023-08-08T17:49:09","date_gmt":"2023-08-08T14:49:09","guid":{"rendered":"https:\/\/soldi.md\/product\/mineralwoolkleber-25kg\/"},"modified":"2023-08-18T11:21:36","modified_gmt":"2023-08-18T08:21:36","slug":"mineralwoolkleber-25kg","status":"publish","type":"product","link":"https:\/\/soldi.md\/ru\/product\/mineralwoolkleber-25kg\/","title":{"rendered":"MineralwoolKleber 25kg"},"content":{"rendered":"","protected":false},"excerpt":{"rendered":"<p>\u041a\u043b\u0435\u0435\u0432\u043e\u0439 \u0440\u0430\u0441\u0442\u0432\u043e\u0440 \u0434\u043b\u044f \u0441\u043a\u043b\u0435\u0438\u0432\u0430\u043d\u0438\u044f \u0438 \u0437\u0430\u0442\u0438\u0440\u043a\u0438 \u0431\u0430\u0437\u0430\u043b\u044c\u0442\u043e\u0432\u044b\u0445 \u043c\u0438\u043d\u0435\u0440\u0430\u043b\u044c\u043d\u044b\u0445 \u0433\u043b\u0430\u0437\u0443\u0440\u0435\u0439<\/p>","protected":false},"featured_media":1335,"template":"","meta":{"inline_featured_image":false},"product_cat":[21,59,18],"product_tag":[],"acf":[],"yoast_head":"<!-- This site is optimized with the Yoast SEO Premium plugin v20.6 (Yoast SEO v20.11) - https:\/\/yoast.com\/wordpress\/plugins\/seo\/ -->\n<title>MineralwoolKleber 25kg &mdash; Soldi<\/title>\n<meta name=\"robots\" content=\"index, follow, max-snippet:-1, max-image-preview:large, max-video-preview:-1\" \/>\n<link rel=\"canonical\" href=\"https:\/\/soldi.md\/ru\/product\/mineralwoolkleber-25kg\/\" \/>\n<meta property=\"og:locale\" content=\"ru_RU\" \/>\n<meta property=\"og:type\" content=\"article\" \/>\n<meta property=\"og:title\" content=\"MineralwoolKleber 25kg\" \/>\n<meta property=\"og:description\" content=\"Mortar adeziv pentru lipirea \u0219i \u0219p\u0103cluirea vatei minerale bazaltice\" \/>\n<meta property=\"og:url\" content=\"https:\/\/soldi.md\/ru\/product\/mineralwoolkleber-25kg\/\" \/>\n<meta property=\"og:site_name\" content=\"Soldi\" \/>\n<meta property=\"article:modified_time\" content=\"2023-08-18T08:21:36+00:00\" \/>\n<meta property=\"og:image\" content=\"https:\/\/soldi.md\/wp-content\/uploads\/2023\/08\/5008944__1-removebg-preview-1.png\" \/>\n\t<meta property=\"og:image:width\" content=\"500\" \/>\n\t<meta property=\"og:image:height\" content=\"500\" \/>\n\t<meta property=\"og:image:type\" content=\"image\/png\" \/>\n<meta name=\"twitter:card\" content=\"summary_large_image\" \/>\n<script type=\"application\/ld+json\" class=\"yoast-schema-graph\">{\"@context\":\"https:\/\/schema.org\",\"@graph\":[{\"@type\":\"WebPage\",\"@id\":\"https:\/\/soldi.md\/product\/mineralwoolkleber-25kg\/\",\"url\":\"https:\/\/soldi.md\/product\/mineralwoolkleber-25kg\/\",\"name\":\"MineralwoolKleber 25kg &mdash; Soldi\",\"isPartOf\":{\"@id\":\"https:\/\/soldi.md\/#website\"},\"datePublished\":\"2023-08-08T14:49:09+00:00\",\"dateModified\":\"2023-08-18T08:21:36+00:00\",\"breadcrumb\":{\"@id\":\"https:\/\/soldi.md\/product\/mineralwoolkleber-25kg\/#breadcrumb\"},\"inLanguage\":\"ru-RU\",\"potentialAction\":[{\"@type\":\"ReadAction\",\"target\":[\"https:\/\/soldi.md\/product\/mineralwoolkleber-25kg\/\"]}]},{\"@type\":\"BreadcrumbList\",\"@id\":\"https:\/\/soldi.md\/product\/mineralwoolkleber-25kg\/#breadcrumb\",\"itemListElement\":[{\"@type\":\"ListItem\",\"position\":1,\"name\":\"Home\",\"item\":\"https:\/\/soldi.md\/\"},{\"@type\":\"ListItem\",\"position\":2,\"name\":\"Magazin\",\"item\":\"https:\/\/soldi.md\/magazin\/\"},{\"@type\":\"ListItem\",\"position\":3,\"name\":\"MineralwoolKleber 25kg\"}]},{\"@type\":\"WebSite\",\"@id\":\"https:\/\/soldi.md\/#website\",\"url\":\"https:\/\/soldi.md\/\",\"name\":\"Soldi\",\"description\":\"Construc\u021bii \u0219i finisaje ce r\u0103m\u00e2n \u00een timp!\",\"potentialAction\":[{\"@type\":\"SearchAction\",\"target\":{\"@type\":\"EntryPoint\",\"urlTemplate\":\"https:\/\/soldi.md\/?s={search_term_string}\"},\"query-input\":\"required name=search_term_string\"}],\"inLanguage\":\"ru-RU\"},{\"@type\":\"ImageObject\",\"inLanguage\":\"ru-RU\",\"@id\":\"https:\/\/soldi.md\/product\/mineralwoolkleber-25kg\/#local-main-organization-logo\",\"url\":\"\",\"contentUrl\":\"\",\"caption\":\"Soldi\"}]}<\/script>\n<!-- \/ Yoast SEO Premium plugin. -->","yoast_head_json":{"title":"MineralwoolKleber 25kg &mdash; Soldi","robots":{"index":"index","follow":"follow","max-snippet":"max-snippet:-1","max-image-preview":"max-image-preview:large","max-video-preview":"max-video-preview:-1"},"canonical":"https:\/\/soldi.md\/ru\/product\/mineralwoolkleber-25kg\/","og_locale":"ru_RU","og_type":"article","og_title":"MineralwoolKleber 25kg","og_description":"Mortar adeziv pentru lipirea \u0219i \u0219p\u0103cluirea vatei minerale bazaltice","og_url":"https:\/\/soldi.md\/ru\/product\/mineralwoolkleber-25kg\/","og_site_name":"Soldi","article_modified_time":"2023-08-18T08:21:36+00:00","og_image":[{"width":500,"height":500,"url":"https:\/\/soldi.md\/wp-content\/uploads\/2023\/08\/5008944__1-removebg-preview-1.png","type":"image\/png"}],"twitter_card":"summary_large_image","schema":{"@context":"https:\/\/schema.org","@graph":[{"@type":"WebPage","@id":"https:\/\/soldi.md\/product\/mineralwoolkleber-25kg\/","url":"https:\/\/soldi.md\/product\/mineralwoolkleber-25kg\/","name":"MineralwoolKleber 25kg &mdash; Soldi","isPartOf":{"@id":"https:\/\/soldi.md\/#website"},"datePublished":"2023-08-08T14:49:09+00:00","dateModified":"2023-08-18T08:21:36+00:00","breadcrumb":{"@id":"https:\/\/soldi.md\/product\/mineralwoolkleber-25kg\/#breadcrumb"},"inLanguage":"ru-RU","potentialAction":[{"@type":"ReadAction","target":["https:\/\/soldi.md\/product\/mineralwoolkleber-25kg\/"]}]},{"@type":"BreadcrumbList","@id":"https:\/\/soldi.md\/product\/mineralwoolkleber-25kg\/#breadcrumb","itemListElement":[{"@type":"ListItem","position":1,"name":"Home","item":"https:\/\/soldi.md\/"},{"@type":"ListItem","position":2,"name":"Magazin","item":"https:\/\/soldi.md\/magazin\/"},{"@type":"ListItem","position":3,"name":"MineralwoolKleber 25kg"}]},{"@type":"WebSite","@id":"https:\/\/soldi.md\/#website","url":"https:\/\/soldi.md\/","name":"Soldi","description":"Construc\u021bii \u0219i finisaje ce r\u0103m\u00e2n \u00een timp!","potentialAction":[{"@type":"SearchAction","target":{"@type":"EntryPoint","urlTemplate":"https:\/\/soldi.md\/?s={search_term_string}"},"query-input":"required name=search_term_string"}],"inLanguage":"ru-RU"},{"@type":"ImageObject","inLanguage":"ru-RU","@id":"https:\/\/soldi.md\/product\/mineralwoolkleber-25kg\/#local-main-organization-logo","url":"","contentUrl":"","caption":"Soldi"}]}},"_links":{"self":[{"href":"https:\/\/soldi.md\/ru\/wp-json\/wp\/v2\/product\/1439"}],"collection":[{"href":"https:\/\/soldi.md\/ru\/wp-json\/wp\/v2\/product"}],"about":[{"href":"https:\/\/soldi.md\/ru\/wp-json\/wp\/v2\/types\/product"}],"wp:featuredmedia":[{"embeddable":true,"href":"https:\/\/soldi.md\/ru\/wp-json\/wp\/v2\/media\/1335"}],"wp:attachment":[{"href":"https:\/\/soldi.md\/ru\/wp-json\/wp\/v2\/media?parent=1439"}],"wp:term":[{"taxonomy":"product_cat","embeddable":true,"href":"https:\/\/soldi.md\/ru\/wp-json\/wp\/v2\/product_cat?post=1439"},{"taxonomy":"product_tag","embeddable":true,"href":"https:\/\/soldi.md\/ru\/wp-json\/wp\/v2\/product_tag?post=1439"}],"curies":[{"name":"wp","href":"https:\/\/api.w.org\/{rel}","templated":true}]}}