{"id":1442,"date":"2023-08-08T17:56:23","date_gmt":"2023-08-08T14:56:23","guid":{"rendered":"https:\/\/soldi.md\/product\/polistirol-premium-25-kg\/"},"modified":"2023-08-08T17:56:24","modified_gmt":"2023-08-08T14:56:24","slug":"polistirol-premium-25-kg","status":"publish","type":"product","link":"https:\/\/soldi.md\/ru\/product\/polistirol-premium-25-kg\/","title":{"rendered":"\u041f\u043e\u043b\u0438\u0441\u0442\u0438\u0440\u043e\u043b \u043f\u0440\u0435\u043c\u0438\u0443\u043c-\u043a\u043b\u0430\u0441\u0441\u0430 25 \u043a\u0433"},"content":{"rendered":"","protected":false},"excerpt":{"rendered":"<p>\u041a\u043b\u0435\u044f\u0449\u0438\u0435 \u0438 \u0448\u043f\u0430\u043a\u043b\u0435\u0432\u043e\u0447\u043d\u044b\u0435 \u0441\u043e\u0441\u0442\u0430\u0432\u044b \u0434\u043b\u044f \u043f\u043e\u043b\u0438\u0441\u0442\u0438\u0440\u043e\u043b\u044c\u043d\u044b\u0445 \u0438\u0437\u043e\u043b\u044f\u0446\u0438\u043e\u043d\u043d\u044b\u0445 \u043f\u043b\u0438\u0442<\/p>","protected":false},"featured_media":1354,"template":"","meta":{"inline_featured_image":false},"product_cat":[21,59,18],"product_tag":[],"acf":[],"yoast_head":"<!-- This site is optimized with the Yoast SEO Premium plugin v20.6 (Yoast SEO v20.11) - https:\/\/yoast.com\/wordpress\/plugins\/seo\/ -->\n<title>Polistirol Premium 25 kg &mdash; Soldi<\/title>\n<meta name=\"robots\" content=\"index, follow, max-snippet:-1, max-image-preview:large, max-video-preview:-1\" \/>\n<link rel=\"canonical\" href=\"https:\/\/soldi.md\/ru\/product\/polistirol-premium-25-kg\/\" \/>\n<meta property=\"og:locale\" content=\"ru_RU\" \/>\n<meta property=\"og:type\" content=\"article\" \/>\n<meta property=\"og:title\" content=\"Polistirol Premium 25 kg\" \/>\n<meta property=\"og:description\" content=\"Adeziv \u0219i mas\u0103 de \u0219paclu pl\u0103ci termoizolante polistiren\" \/>\n<meta property=\"og:url\" content=\"https:\/\/soldi.md\/ru\/product\/polistirol-premium-25-kg\/\" \/>\n<meta property=\"og:site_name\" content=\"Soldi\" \/>\n<meta property=\"article:modified_time\" content=\"2023-08-08T14:56:24+00:00\" \/>\n<meta property=\"og:image\" content=\"https:\/\/soldi.md\/wp-content\/uploads\/2023\/08\/Polistirol-Premium-Alb-3D-front-1-1024x1024.png\" \/>\n\t<meta property=\"og:image:width\" content=\"1024\" \/>\n\t<meta property=\"og:image:height\" content=\"1024\" \/>\n\t<meta property=\"og:image:type\" content=\"image\/png\" \/>\n<meta name=\"twitter:card\" content=\"summary_large_image\" \/>\n<script type=\"application\/ld+json\" class=\"yoast-schema-graph\">{\"@context\":\"https:\/\/schema.org\",\"@graph\":[{\"@type\":\"WebPage\",\"@id\":\"https:\/\/soldi.md\/product\/polistirol-premium-25-kg\/\",\"url\":\"https:\/\/soldi.md\/product\/polistirol-premium-25-kg\/\",\"name\":\"Polistirol Premium 25 kg &mdash; Soldi\",\"isPartOf\":{\"@id\":\"https:\/\/soldi.md\/#website\"},\"datePublished\":\"2023-08-08T14:56:23+00:00\",\"dateModified\":\"2023-08-08T14:56:24+00:00\",\"breadcrumb\":{\"@id\":\"https:\/\/soldi.md\/product\/polistirol-premium-25-kg\/#breadcrumb\"},\"inLanguage\":\"ru-RU\",\"potentialAction\":[{\"@type\":\"ReadAction\",\"target\":[\"https:\/\/soldi.md\/product\/polistirol-premium-25-kg\/\"]}]},{\"@type\":\"BreadcrumbList\",\"@id\":\"https:\/\/soldi.md\/product\/polistirol-premium-25-kg\/#breadcrumb\",\"itemListElement\":[{\"@type\":\"ListItem\",\"position\":1,\"name\":\"Home\",\"item\":\"https:\/\/soldi.md\/\"},{\"@type\":\"ListItem\",\"position\":2,\"name\":\"Magazin\",\"item\":\"https:\/\/soldi.md\/magazin\/\"},{\"@type\":\"ListItem\",\"position\":3,\"name\":\"Polistirol Premium 25 kg\"}]},{\"@type\":\"WebSite\",\"@id\":\"https:\/\/soldi.md\/#website\",\"url\":\"https:\/\/soldi.md\/\",\"name\":\"Soldi\",\"description\":\"Construc\u021bii \u0219i finisaje ce r\u0103m\u00e2n \u00een timp!\",\"potentialAction\":[{\"@type\":\"SearchAction\",\"target\":{\"@type\":\"EntryPoint\",\"urlTemplate\":\"https:\/\/soldi.md\/?s={search_term_string}\"},\"query-input\":\"required name=search_term_string\"}],\"inLanguage\":\"ru-RU\"},{\"@type\":\"ImageObject\",\"inLanguage\":\"ru-RU\",\"@id\":\"https:\/\/soldi.md\/product\/polistirol-premium-25-kg\/#local-main-organization-logo\",\"url\":\"\",\"contentUrl\":\"\",\"caption\":\"Soldi\"}]}<\/script>\n<!-- \/ Yoast SEO Premium plugin. -->","yoast_head_json":{"title":"Polistirol Premium 25 kg &mdash; Soldi","robots":{"index":"index","follow":"follow","max-snippet":"max-snippet:-1","max-image-preview":"max-image-preview:large","max-video-preview":"max-video-preview:-1"},"canonical":"https:\/\/soldi.md\/ru\/product\/polistirol-premium-25-kg\/","og_locale":"ru_RU","og_type":"article","og_title":"Polistirol Premium 25 kg","og_description":"Adeziv \u0219i mas\u0103 de \u0219paclu pl\u0103ci termoizolante polistiren","og_url":"https:\/\/soldi.md\/ru\/product\/polistirol-premium-25-kg\/","og_site_name":"Soldi","article_modified_time":"2023-08-08T14:56:24+00:00","og_image":[{"width":1024,"height":1024,"url":"https:\/\/soldi.md\/wp-content\/uploads\/2023\/08\/Polistirol-Premium-Alb-3D-front-1-1024x1024.png","type":"image\/png"}],"twitter_card":"summary_large_image","schema":{"@context":"https:\/\/schema.org","@graph":[{"@type":"WebPage","@id":"https:\/\/soldi.md\/product\/polistirol-premium-25-kg\/","url":"https:\/\/soldi.md\/product\/polistirol-premium-25-kg\/","name":"Polistirol Premium 25 kg &mdash; Soldi","isPartOf":{"@id":"https:\/\/soldi.md\/#website"},"datePublished":"2023-08-08T14:56:23+00:00","dateModified":"2023-08-08T14:56:24+00:00","breadcrumb":{"@id":"https:\/\/soldi.md\/product\/polistirol-premium-25-kg\/#breadcrumb"},"inLanguage":"ru-RU","potentialAction":[{"@type":"ReadAction","target":["https:\/\/soldi.md\/product\/polistirol-premium-25-kg\/"]}]},{"@type":"BreadcrumbList","@id":"https:\/\/soldi.md\/product\/polistirol-premium-25-kg\/#breadcrumb","itemListElement":[{"@type":"ListItem","position":1,"name":"Home","item":"https:\/\/soldi.md\/"},{"@type":"ListItem","position":2,"name":"Magazin","item":"https:\/\/soldi.md\/magazin\/"},{"@type":"ListItem","position":3,"name":"Polistirol Premium 25 kg"}]},{"@type":"WebSite","@id":"https:\/\/soldi.md\/#website","url":"https:\/\/soldi.md\/","name":"Soldi","description":"Construc\u021bii \u0219i finisaje ce r\u0103m\u00e2n \u00een timp!","potentialAction":[{"@type":"SearchAction","target":{"@type":"EntryPoint","urlTemplate":"https:\/\/soldi.md\/?s={search_term_string}"},"query-input":"required name=search_term_string"}],"inLanguage":"ru-RU"},{"@type":"ImageObject","inLanguage":"ru-RU","@id":"https:\/\/soldi.md\/product\/polistirol-premium-25-kg\/#local-main-organization-logo","url":"","contentUrl":"","caption":"Soldi"}]}},"_links":{"self":[{"href":"https:\/\/soldi.md\/ru\/wp-json\/wp\/v2\/product\/1442"}],"collection":[{"href":"https:\/\/soldi.md\/ru\/wp-json\/wp\/v2\/product"}],"about":[{"href":"https:\/\/soldi.md\/ru\/wp-json\/wp\/v2\/types\/product"}],"wp:featuredmedia":[{"embeddable":true,"href":"https:\/\/soldi.md\/ru\/wp-json\/wp\/v2\/media\/1354"}],"wp:attachment":[{"href":"https:\/\/soldi.md\/ru\/wp-json\/wp\/v2\/media?parent=1442"}],"wp:term":[{"taxonomy":"product_cat","embeddable":true,"href":"https:\/\/soldi.md\/ru\/wp-json\/wp\/v2\/product_cat?post=1442"},{"taxonomy":"product_tag","embeddable":true,"href":"https:\/\/soldi.md\/ru\/wp-json\/wp\/v2\/product_tag?post=1442"}],"curies":[{"name":"wp","href":"https:\/\/api.w.org\/{rel}","templated":true}]}}