{"id":1448,"date":"2023-08-08T17:56:23","date_gmt":"2023-08-08T14:56:23","guid":{"rendered":"https:\/\/soldi.md\/product\/tencuiala-optim-15-mm-25-kg\/"},"modified":"2023-10-10T14:08:31","modified_gmt":"2023-10-10T11:08:31","slug":"tencuiala-optim-15-mm-25-kg","status":"publish","type":"product","link":"https:\/\/soldi.md\/ru\/product\/tencuiala-optim-15-mm-25-kg\/","title":{"rendered":"Tencuiala Optim 1,5 mm"},"content":{"rendered":"","protected":false},"excerpt":{"rendered":"<p>\u0414\u0435\u043a\u043e\u0440\u0430\u0442\u0438\u0432\u043d\u0430\u044f \u0448\u0442\u0443\u043a\u0430\u0442\u0443\u0440\u043a\u0430 Optim Dekor 1,5 MM 25 KG \u043f\u043e\u0446\u0430\u0440\u0430\u043f\u0430\u043d\u043d\u0430\u044f-Optim Dekor Hydrofoiled (\u043f\u043e\u0446\u0430\u0440\u0430\u043f\u0430\u043d\u043d\u0430\u044f \u0438\u043b\u0438 \u0441\u043e \u0441\u043a\u043e\u043b\u0430\u043c\u0438)<\/p>","protected":false},"featured_media":2260,"template":"","meta":{"inline_featured_image":false},"product_cat":[18,64],"product_tag":[],"acf":[],"yoast_head":"<!-- This site is optimized with the Yoast SEO Premium plugin v20.6 (Yoast SEO v20.11) - https:\/\/yoast.com\/wordpress\/plugins\/seo\/ -->\n<title>Tencuiala Optim 1,5 mm &mdash; Soldi<\/title>\n<meta name=\"robots\" content=\"index, follow, max-snippet:-1, max-image-preview:large, max-video-preview:-1\" \/>\n<link rel=\"canonical\" href=\"https:\/\/soldi.md\/ru\/product\/tencuiala-optim-15-mm-25-kg\/\" \/>\n<meta property=\"og:locale\" content=\"ru_RU\" \/>\n<meta property=\"og:type\" content=\"article\" \/>\n<meta property=\"og:title\" content=\"Tencuiala Optim 1,5 mm\" \/>\n<meta property=\"og:description\" content=\"Tencuial\u0103 decorativa Optim Dekor 1.5 MM 25 KG zgariata-Optim Dekor Hidrofobizata (zgariata sau driscuita)\" \/>\n<meta property=\"og:url\" content=\"https:\/\/soldi.md\/ru\/product\/tencuiala-optim-15-mm-25-kg\/\" \/>\n<meta property=\"og:site_name\" content=\"Soldi\" \/>\n<meta property=\"article:modified_time\" content=\"2023-10-10T11:08:31+00:00\" \/>\n<meta property=\"og:image\" content=\"https:\/\/soldi.md\/wp-content\/uploads\/2023\/08\/ec6c945b-26e0-44d7-9d10-9928130f26c7-removebg-preview.png\" \/>\n\t<meta property=\"og:image:width\" content=\"500\" \/>\n\t<meta property=\"og:image:height\" content=\"500\" \/>\n\t<meta property=\"og:image:type\" content=\"image\/png\" \/>\n<meta name=\"twitter:card\" content=\"summary_large_image\" \/>\n<script type=\"application\/ld+json\" class=\"yoast-schema-graph\">{\"@context\":\"https:\/\/schema.org\",\"@graph\":[{\"@type\":\"WebPage\",\"@id\":\"https:\/\/soldi.md\/product\/tencuiala-optim-15-mm-25-kg\/\",\"url\":\"https:\/\/soldi.md\/product\/tencuiala-optim-15-mm-25-kg\/\",\"name\":\"Tencuiala Optim 1,5 mm &mdash; Soldi\",\"isPartOf\":{\"@id\":\"https:\/\/soldi.md\/#website\"},\"datePublished\":\"2023-08-08T14:56:23+00:00\",\"dateModified\":\"2023-10-10T11:08:31+00:00\",\"breadcrumb\":{\"@id\":\"https:\/\/soldi.md\/product\/tencuiala-optim-15-mm-25-kg\/#breadcrumb\"},\"inLanguage\":\"ru-RU\",\"potentialAction\":[{\"@type\":\"ReadAction\",\"target\":[\"https:\/\/soldi.md\/product\/tencuiala-optim-15-mm-25-kg\/\"]}]},{\"@type\":\"BreadcrumbList\",\"@id\":\"https:\/\/soldi.md\/product\/tencuiala-optim-15-mm-25-kg\/#breadcrumb\",\"itemListElement\":[{\"@type\":\"ListItem\",\"position\":1,\"name\":\"Home\",\"item\":\"https:\/\/soldi.md\/\"},{\"@type\":\"ListItem\",\"position\":2,\"name\":\"Magazin\",\"item\":\"https:\/\/soldi.md\/magazin\/\"},{\"@type\":\"ListItem\",\"position\":3,\"name\":\"Tencuiala Optim 1,5 mm\"}]},{\"@type\":\"WebSite\",\"@id\":\"https:\/\/soldi.md\/#website\",\"url\":\"https:\/\/soldi.md\/\",\"name\":\"Soldi\",\"description\":\"Construc\u021bii \u0219i finisaje ce r\u0103m\u00e2n \u00een timp!\",\"potentialAction\":[{\"@type\":\"SearchAction\",\"target\":{\"@type\":\"EntryPoint\",\"urlTemplate\":\"https:\/\/soldi.md\/?s={search_term_string}\"},\"query-input\":\"required name=search_term_string\"}],\"inLanguage\":\"ru-RU\"},{\"@type\":\"ImageObject\",\"inLanguage\":\"ru-RU\",\"@id\":\"https:\/\/soldi.md\/product\/tencuiala-optim-15-mm-25-kg\/#local-main-organization-logo\",\"url\":\"\",\"contentUrl\":\"\",\"caption\":\"Soldi\"}]}<\/script>\n<!-- \/ Yoast SEO Premium plugin. -->","yoast_head_json":{"title":"Tencuiala Optim 1,5 mm &mdash; Soldi","robots":{"index":"index","follow":"follow","max-snippet":"max-snippet:-1","max-image-preview":"max-image-preview:large","max-video-preview":"max-video-preview:-1"},"canonical":"https:\/\/soldi.md\/ru\/product\/tencuiala-optim-15-mm-25-kg\/","og_locale":"ru_RU","og_type":"article","og_title":"Tencuiala Optim 1,5 mm","og_description":"Tencuial\u0103 decorativa Optim Dekor 1.5 MM 25 KG zgariata-Optim Dekor Hidrofobizata (zgariata sau driscuita)","og_url":"https:\/\/soldi.md\/ru\/product\/tencuiala-optim-15-mm-25-kg\/","og_site_name":"Soldi","article_modified_time":"2023-10-10T11:08:31+00:00","og_image":[{"width":500,"height":500,"url":"https:\/\/soldi.md\/wp-content\/uploads\/2023\/08\/ec6c945b-26e0-44d7-9d10-9928130f26c7-removebg-preview.png","type":"image\/png"}],"twitter_card":"summary_large_image","schema":{"@context":"https:\/\/schema.org","@graph":[{"@type":"WebPage","@id":"https:\/\/soldi.md\/product\/tencuiala-optim-15-mm-25-kg\/","url":"https:\/\/soldi.md\/product\/tencuiala-optim-15-mm-25-kg\/","name":"Tencuiala Optim 1,5 mm &mdash; Soldi","isPartOf":{"@id":"https:\/\/soldi.md\/#website"},"datePublished":"2023-08-08T14:56:23+00:00","dateModified":"2023-10-10T11:08:31+00:00","breadcrumb":{"@id":"https:\/\/soldi.md\/product\/tencuiala-optim-15-mm-25-kg\/#breadcrumb"},"inLanguage":"ru-RU","potentialAction":[{"@type":"ReadAction","target":["https:\/\/soldi.md\/product\/tencuiala-optim-15-mm-25-kg\/"]}]},{"@type":"BreadcrumbList","@id":"https:\/\/soldi.md\/product\/tencuiala-optim-15-mm-25-kg\/#breadcrumb","itemListElement":[{"@type":"ListItem","position":1,"name":"Home","item":"https:\/\/soldi.md\/"},{"@type":"ListItem","position":2,"name":"Magazin","item":"https:\/\/soldi.md\/magazin\/"},{"@type":"ListItem","position":3,"name":"Tencuiala Optim 1,5 mm"}]},{"@type":"WebSite","@id":"https:\/\/soldi.md\/#website","url":"https:\/\/soldi.md\/","name":"Soldi","description":"Construc\u021bii \u0219i finisaje ce r\u0103m\u00e2n \u00een timp!","potentialAction":[{"@type":"SearchAction","target":{"@type":"EntryPoint","urlTemplate":"https:\/\/soldi.md\/?s={search_term_string}"},"query-input":"required name=search_term_string"}],"inLanguage":"ru-RU"},{"@type":"ImageObject","inLanguage":"ru-RU","@id":"https:\/\/soldi.md\/product\/tencuiala-optim-15-mm-25-kg\/#local-main-organization-logo","url":"","contentUrl":"","caption":"Soldi"}]}},"_links":{"self":[{"href":"https:\/\/soldi.md\/ru\/wp-json\/wp\/v2\/product\/1448"}],"collection":[{"href":"https:\/\/soldi.md\/ru\/wp-json\/wp\/v2\/product"}],"about":[{"href":"https:\/\/soldi.md\/ru\/wp-json\/wp\/v2\/types\/product"}],"wp:featuredmedia":[{"embeddable":true,"href":"https:\/\/soldi.md\/ru\/wp-json\/wp\/v2\/media\/2260"}],"wp:attachment":[{"href":"https:\/\/soldi.md\/ru\/wp-json\/wp\/v2\/media?parent=1448"}],"wp:term":[{"taxonomy":"product_cat","embeddable":true,"href":"https:\/\/soldi.md\/ru\/wp-json\/wp\/v2\/product_cat?post=1448"},{"taxonomy":"product_tag","embeddable":true,"href":"https:\/\/soldi.md\/ru\/wp-json\/wp\/v2\/product_tag?post=1448"}],"curies":[{"name":"wp","href":"https:\/\/api.w.org\/{rel}","templated":true}]}}