{"id":1453,"date":"2023-08-08T18:03:04","date_gmt":"2023-08-08T15:03:04","guid":{"rendered":"https:\/\/soldi.md\/product\/edelputz-termo-2-0-mm\/"},"modified":"2023-08-08T18:03:06","modified_gmt":"2023-08-08T15:03:06","slug":"edelputz-termo-2-0-mm","status":"publish","type":"product","link":"https:\/\/soldi.md\/ru\/product\/edelputz-termo-2-0-mm\/","title":{"rendered":"Edelputz Termo 2.0 mm"},"content":{"rendered":"","protected":false},"excerpt":{"rendered":"<p>\u0414\u0435\u043a\u043e\u0440\u0430\u0442\u0438\u0432\u043d\u0430\u044f \u043c\u0438\u043d\u0435\u0440\u0430\u043b\u044c\u043d\u0430\u044f \u0448\u0442\u0443\u043a\u0430\u0442\u0443\u0440\u043a\u0430 \u0434\u043b\u044f \u0432\u043d\u0443\u0442\u0440\u0435\u043d\u043d\u0435\u0433\u043e \u0438 \u043d\u0430\u0440\u0443\u0436\u043d\u043e\u0433\u043e \u043f\u0440\u0438\u043c\u0435\u043d\u0435\u043d\u0438\u044f, \u0434\u043b\u044f \u0444\u0438\u043d\u0438\u0448\u043d\u043e\u0439 \u043e\u0442\u0434\u0435\u043b\u043a\u0438 \u043c\u0438\u043d\u0435\u0440\u0430\u043b\u044c\u043d\u044b\u0445 \u0448\u0442\u0443\u043a\u0430\u0442\u0443\u0440\u043e\u043a<\/p>","protected":false},"featured_media":1383,"template":"","meta":{"inline_featured_image":false},"product_cat":[18,64],"product_tag":[],"acf":[],"yoast_head":"<!-- This site is optimized with the Yoast SEO Premium plugin v20.6 (Yoast SEO v20.11) - https:\/\/yoast.com\/wordpress\/plugins\/seo\/ -->\n<title>Edelputz Termo 2.0 mm &mdash; Soldi<\/title>\n<meta name=\"robots\" content=\"index, follow, max-snippet:-1, max-image-preview:large, max-video-preview:-1\" \/>\n<link rel=\"canonical\" href=\"https:\/\/soldi.md\/ru\/product\/edelputz-termo-2-0-mm\/\" \/>\n<meta property=\"og:locale\" content=\"ru_RU\" \/>\n<meta property=\"og:type\" content=\"article\" \/>\n<meta property=\"og:title\" content=\"Edelputz Termo 2.0 mm\" \/>\n<meta property=\"og:description\" content=\"Tencuial\u0103 decorativ\u0103 mineral\u0103 cu aplicare la interior sau exterior, pentru finisarea tencuielilor minerale\" \/>\n<meta property=\"og:url\" content=\"https:\/\/soldi.md\/ru\/product\/edelputz-termo-2-0-mm\/\" \/>\n<meta property=\"og:site_name\" content=\"Soldi\" \/>\n<meta property=\"article:modified_time\" content=\"2023-08-08T15:03:06+00:00\" \/>\n<meta property=\"og:image\" content=\"https:\/\/soldi.md\/wp-content\/uploads\/2023\/08\/Edelputz_termo_25de-1.png\" \/>\n\t<meta property=\"og:image:width\" content=\"400\" \/>\n\t<meta property=\"og:image:height\" content=\"400\" \/>\n\t<meta property=\"og:image:type\" content=\"image\/png\" \/>\n<meta name=\"twitter:card\" content=\"summary_large_image\" \/>\n<script type=\"application\/ld+json\" class=\"yoast-schema-graph\">{\"@context\":\"https:\/\/schema.org\",\"@graph\":[{\"@type\":\"WebPage\",\"@id\":\"https:\/\/soldi.md\/product\/edelputz-termo-2-0-mm\/\",\"url\":\"https:\/\/soldi.md\/product\/edelputz-termo-2-0-mm\/\",\"name\":\"Edelputz Termo 2.0 mm &mdash; Soldi\",\"isPartOf\":{\"@id\":\"https:\/\/soldi.md\/#website\"},\"datePublished\":\"2023-08-08T15:03:04+00:00\",\"dateModified\":\"2023-08-08T15:03:06+00:00\",\"breadcrumb\":{\"@id\":\"https:\/\/soldi.md\/product\/edelputz-termo-2-0-mm\/#breadcrumb\"},\"inLanguage\":\"ru-RU\",\"potentialAction\":[{\"@type\":\"ReadAction\",\"target\":[\"https:\/\/soldi.md\/product\/edelputz-termo-2-0-mm\/\"]}]},{\"@type\":\"BreadcrumbList\",\"@id\":\"https:\/\/soldi.md\/product\/edelputz-termo-2-0-mm\/#breadcrumb\",\"itemListElement\":[{\"@type\":\"ListItem\",\"position\":1,\"name\":\"Home\",\"item\":\"https:\/\/soldi.md\/\"},{\"@type\":\"ListItem\",\"position\":2,\"name\":\"Magazin\",\"item\":\"https:\/\/soldi.md\/magazin\/\"},{\"@type\":\"ListItem\",\"position\":3,\"name\":\"Edelputz Termo 2.0 mm\"}]},{\"@type\":\"WebSite\",\"@id\":\"https:\/\/soldi.md\/#website\",\"url\":\"https:\/\/soldi.md\/\",\"name\":\"Soldi\",\"description\":\"Construc\u021bii \u0219i finisaje ce r\u0103m\u00e2n \u00een timp!\",\"potentialAction\":[{\"@type\":\"SearchAction\",\"target\":{\"@type\":\"EntryPoint\",\"urlTemplate\":\"https:\/\/soldi.md\/?s={search_term_string}\"},\"query-input\":\"required name=search_term_string\"}],\"inLanguage\":\"ru-RU\"},{\"@type\":\"ImageObject\",\"inLanguage\":\"ru-RU\",\"@id\":\"https:\/\/soldi.md\/product\/edelputz-termo-2-0-mm\/#local-main-organization-logo\",\"url\":\"\",\"contentUrl\":\"\",\"caption\":\"Soldi\"}]}<\/script>\n<!-- \/ Yoast SEO Premium plugin. -->","yoast_head_json":{"title":"Edelputz Termo 2.0 mm &mdash; Soldi","robots":{"index":"index","follow":"follow","max-snippet":"max-snippet:-1","max-image-preview":"max-image-preview:large","max-video-preview":"max-video-preview:-1"},"canonical":"https:\/\/soldi.md\/ru\/product\/edelputz-termo-2-0-mm\/","og_locale":"ru_RU","og_type":"article","og_title":"Edelputz Termo 2.0 mm","og_description":"Tencuial\u0103 decorativ\u0103 mineral\u0103 cu aplicare la interior sau exterior, pentru finisarea tencuielilor minerale","og_url":"https:\/\/soldi.md\/ru\/product\/edelputz-termo-2-0-mm\/","og_site_name":"Soldi","article_modified_time":"2023-08-08T15:03:06+00:00","og_image":[{"width":400,"height":400,"url":"https:\/\/soldi.md\/wp-content\/uploads\/2023\/08\/Edelputz_termo_25de-1.png","type":"image\/png"}],"twitter_card":"summary_large_image","schema":{"@context":"https:\/\/schema.org","@graph":[{"@type":"WebPage","@id":"https:\/\/soldi.md\/product\/edelputz-termo-2-0-mm\/","url":"https:\/\/soldi.md\/product\/edelputz-termo-2-0-mm\/","name":"Edelputz Termo 2.0 mm &mdash; Soldi","isPartOf":{"@id":"https:\/\/soldi.md\/#website"},"datePublished":"2023-08-08T15:03:04+00:00","dateModified":"2023-08-08T15:03:06+00:00","breadcrumb":{"@id":"https:\/\/soldi.md\/product\/edelputz-termo-2-0-mm\/#breadcrumb"},"inLanguage":"ru-RU","potentialAction":[{"@type":"ReadAction","target":["https:\/\/soldi.md\/product\/edelputz-termo-2-0-mm\/"]}]},{"@type":"BreadcrumbList","@id":"https:\/\/soldi.md\/product\/edelputz-termo-2-0-mm\/#breadcrumb","itemListElement":[{"@type":"ListItem","position":1,"name":"Home","item":"https:\/\/soldi.md\/"},{"@type":"ListItem","position":2,"name":"Magazin","item":"https:\/\/soldi.md\/magazin\/"},{"@type":"ListItem","position":3,"name":"Edelputz Termo 2.0 mm"}]},{"@type":"WebSite","@id":"https:\/\/soldi.md\/#website","url":"https:\/\/soldi.md\/","name":"Soldi","description":"Construc\u021bii \u0219i finisaje ce r\u0103m\u00e2n \u00een timp!","potentialAction":[{"@type":"SearchAction","target":{"@type":"EntryPoint","urlTemplate":"https:\/\/soldi.md\/?s={search_term_string}"},"query-input":"required name=search_term_string"}],"inLanguage":"ru-RU"},{"@type":"ImageObject","inLanguage":"ru-RU","@id":"https:\/\/soldi.md\/product\/edelputz-termo-2-0-mm\/#local-main-organization-logo","url":"","contentUrl":"","caption":"Soldi"}]}},"_links":{"self":[{"href":"https:\/\/soldi.md\/ru\/wp-json\/wp\/v2\/product\/1453"}],"collection":[{"href":"https:\/\/soldi.md\/ru\/wp-json\/wp\/v2\/product"}],"about":[{"href":"https:\/\/soldi.md\/ru\/wp-json\/wp\/v2\/types\/product"}],"wp:featuredmedia":[{"embeddable":true,"href":"https:\/\/soldi.md\/ru\/wp-json\/wp\/v2\/media\/1383"}],"wp:attachment":[{"href":"https:\/\/soldi.md\/ru\/wp-json\/wp\/v2\/media?parent=1453"}],"wp:term":[{"taxonomy":"product_cat","embeddable":true,"href":"https:\/\/soldi.md\/ru\/wp-json\/wp\/v2\/product_cat?post=1453"},{"taxonomy":"product_tag","embeddable":true,"href":"https:\/\/soldi.md\/ru\/wp-json\/wp\/v2\/product_tag?post=1453"}],"curies":[{"name":"wp","href":"https:\/\/api.w.org\/{rel}","templated":true}]}}