{"id":1458,"date":"2023-08-08T18:03:04","date_gmt":"2023-08-08T15:03:04","guid":{"rendered":"https:\/\/soldi.md\/product\/svizzero-super-fine-fine-medio\/"},"modified":"2023-10-11T14:03:47","modified_gmt":"2023-10-11T11:03:47","slug":"svizzero-super-fine-fine-medio","status":"publish","type":"product","link":"https:\/\/soldi.md\/ru\/product\/svizzero-super-fine-fine-medio\/","title":{"rendered":"SVIZZERO (SUPER FINE, FINE, MEDIO)"},"content":{"rendered":"","protected":false},"excerpt":{"rendered":"<p>\u0414\u0435\u043a\u043e\u0440\u0430\u0442\u0438\u0432\u043d\u0430\u044f \u0448\u0442\u0443\u043a\u0430\u0442\u0443\u0440\u043a\u0430 \u0441 \u043c\u0440\u0430\u043c\u043e\u0440\u043d\u044b\u043c\u0438 \u0433\u0440\u0430\u043d\u0443\u043b\u0430\u043c\u0438 \u0440\u0430\u0437\u043d\u043e\u0433\u043e \u0440\u0430\u0437\u043c\u0435\u0440\u0430 \u0434\u043b\u044f \u0432\u043d\u0443\u0442\u0440\u0435\u043d\u043d\u0438\u0445 \u0438 \u043d\u0430\u0440\u0443\u0436\u043d\u044b\u0445 \u0440\u0430\u0431\u043e\u0442<\/p>","protected":false},"featured_media":1622,"template":"","meta":{"inline_featured_image":false},"product_cat":[18,64],"product_tag":[],"acf":[],"yoast_head":"<!-- This site is optimized with the Yoast SEO Premium plugin v20.6 (Yoast SEO v20.11) - https:\/\/yoast.com\/wordpress\/plugins\/seo\/ -->\n<title>SVIZZERO (SUPER FINE, FINE, MEDIO) &mdash; Soldi<\/title>\n<meta name=\"robots\" content=\"index, follow, max-snippet:-1, max-image-preview:large, max-video-preview:-1\" \/>\n<link rel=\"canonical\" href=\"https:\/\/soldi.md\/ru\/product\/svizzero-super-fine-fine-medio\/\" \/>\n<meta property=\"og:locale\" content=\"ru_RU\" \/>\n<meta property=\"og:type\" content=\"article\" \/>\n<meta property=\"og:title\" content=\"SVIZZERO (SUPER FINE, FINE, MEDIO)\" \/>\n<meta property=\"og:description\" content=\"Tencuiala decorativ\u0103 cu granule de marmur\u0103 de diferite dimensiuni pentru interior \u0219i exterior\" \/>\n<meta property=\"og:url\" content=\"https:\/\/soldi.md\/ru\/product\/svizzero-super-fine-fine-medio\/\" \/>\n<meta property=\"og:site_name\" content=\"Soldi\" \/>\n<meta property=\"article:modified_time\" content=\"2023-10-11T11:03:47+00:00\" \/>\n<meta property=\"og:image\" content=\"https:\/\/soldi.md\/wp-content\/uploads\/2023\/08\/CR6_0321-removebg-preview-1.png\" \/>\n\t<meta property=\"og:image:width\" content=\"1024\" \/>\n\t<meta property=\"og:image:height\" content=\"1024\" \/>\n\t<meta property=\"og:image:type\" content=\"image\/png\" \/>\n<meta name=\"twitter:card\" content=\"summary_large_image\" \/>\n<script type=\"application\/ld+json\" class=\"yoast-schema-graph\">{\"@context\":\"https:\/\/schema.org\",\"@graph\":[{\"@type\":\"WebPage\",\"@id\":\"https:\/\/soldi.md\/product\/svizzero-super-fine-fine-medio\/\",\"url\":\"https:\/\/soldi.md\/product\/svizzero-super-fine-fine-medio\/\",\"name\":\"SVIZZERO (SUPER FINE, FINE, MEDIO) &mdash; Soldi\",\"isPartOf\":{\"@id\":\"https:\/\/soldi.md\/#website\"},\"datePublished\":\"2023-08-08T15:03:04+00:00\",\"dateModified\":\"2023-10-11T11:03:47+00:00\",\"breadcrumb\":{\"@id\":\"https:\/\/soldi.md\/product\/svizzero-super-fine-fine-medio\/#breadcrumb\"},\"inLanguage\":\"ru-RU\",\"potentialAction\":[{\"@type\":\"ReadAction\",\"target\":[\"https:\/\/soldi.md\/product\/svizzero-super-fine-fine-medio\/\"]}]},{\"@type\":\"BreadcrumbList\",\"@id\":\"https:\/\/soldi.md\/product\/svizzero-super-fine-fine-medio\/#breadcrumb\",\"itemListElement\":[{\"@type\":\"ListItem\",\"position\":1,\"name\":\"Home\",\"item\":\"https:\/\/soldi.md\/\"},{\"@type\":\"ListItem\",\"position\":2,\"name\":\"Magazin\",\"item\":\"https:\/\/soldi.md\/magazin\/\"},{\"@type\":\"ListItem\",\"position\":3,\"name\":\"SVIZZERO (SUPER FINE, FINE, MEDIO)\"}]},{\"@type\":\"WebSite\",\"@id\":\"https:\/\/soldi.md\/#website\",\"url\":\"https:\/\/soldi.md\/\",\"name\":\"Soldi\",\"description\":\"Construc\u021bii \u0219i finisaje ce r\u0103m\u00e2n \u00een timp!\",\"potentialAction\":[{\"@type\":\"SearchAction\",\"target\":{\"@type\":\"EntryPoint\",\"urlTemplate\":\"https:\/\/soldi.md\/?s={search_term_string}\"},\"query-input\":\"required name=search_term_string\"}],\"inLanguage\":\"ru-RU\"},{\"@type\":\"ImageObject\",\"inLanguage\":\"ru-RU\",\"@id\":\"https:\/\/soldi.md\/product\/svizzero-super-fine-fine-medio\/#local-main-organization-logo\",\"url\":\"\",\"contentUrl\":\"\",\"caption\":\"Soldi\"}]}<\/script>\n<!-- \/ Yoast SEO Premium plugin. -->","yoast_head_json":{"title":"SVIZZERO (SUPER FINE, FINE, MEDIO) &mdash; Soldi","robots":{"index":"index","follow":"follow","max-snippet":"max-snippet:-1","max-image-preview":"max-image-preview:large","max-video-preview":"max-video-preview:-1"},"canonical":"https:\/\/soldi.md\/ru\/product\/svizzero-super-fine-fine-medio\/","og_locale":"ru_RU","og_type":"article","og_title":"SVIZZERO (SUPER FINE, FINE, MEDIO)","og_description":"Tencuiala decorativ\u0103 cu granule de marmur\u0103 de diferite dimensiuni pentru interior \u0219i exterior","og_url":"https:\/\/soldi.md\/ru\/product\/svizzero-super-fine-fine-medio\/","og_site_name":"Soldi","article_modified_time":"2023-10-11T11:03:47+00:00","og_image":[{"width":1024,"height":1024,"url":"https:\/\/soldi.md\/wp-content\/uploads\/2023\/08\/CR6_0321-removebg-preview-1.png","type":"image\/png"}],"twitter_card":"summary_large_image","schema":{"@context":"https:\/\/schema.org","@graph":[{"@type":"WebPage","@id":"https:\/\/soldi.md\/product\/svizzero-super-fine-fine-medio\/","url":"https:\/\/soldi.md\/product\/svizzero-super-fine-fine-medio\/","name":"SVIZZERO (SUPER FINE, FINE, MEDIO) &mdash; Soldi","isPartOf":{"@id":"https:\/\/soldi.md\/#website"},"datePublished":"2023-08-08T15:03:04+00:00","dateModified":"2023-10-11T11:03:47+00:00","breadcrumb":{"@id":"https:\/\/soldi.md\/product\/svizzero-super-fine-fine-medio\/#breadcrumb"},"inLanguage":"ru-RU","potentialAction":[{"@type":"ReadAction","target":["https:\/\/soldi.md\/product\/svizzero-super-fine-fine-medio\/"]}]},{"@type":"BreadcrumbList","@id":"https:\/\/soldi.md\/product\/svizzero-super-fine-fine-medio\/#breadcrumb","itemListElement":[{"@type":"ListItem","position":1,"name":"Home","item":"https:\/\/soldi.md\/"},{"@type":"ListItem","position":2,"name":"Magazin","item":"https:\/\/soldi.md\/magazin\/"},{"@type":"ListItem","position":3,"name":"SVIZZERO (SUPER FINE, FINE, MEDIO)"}]},{"@type":"WebSite","@id":"https:\/\/soldi.md\/#website","url":"https:\/\/soldi.md\/","name":"Soldi","description":"Construc\u021bii \u0219i finisaje ce r\u0103m\u00e2n \u00een timp!","potentialAction":[{"@type":"SearchAction","target":{"@type":"EntryPoint","urlTemplate":"https:\/\/soldi.md\/?s={search_term_string}"},"query-input":"required name=search_term_string"}],"inLanguage":"ru-RU"},{"@type":"ImageObject","inLanguage":"ru-RU","@id":"https:\/\/soldi.md\/product\/svizzero-super-fine-fine-medio\/#local-main-organization-logo","url":"","contentUrl":"","caption":"Soldi"}]}},"_links":{"self":[{"href":"https:\/\/soldi.md\/ru\/wp-json\/wp\/v2\/product\/1458"}],"collection":[{"href":"https:\/\/soldi.md\/ru\/wp-json\/wp\/v2\/product"}],"about":[{"href":"https:\/\/soldi.md\/ru\/wp-json\/wp\/v2\/types\/product"}],"wp:featuredmedia":[{"embeddable":true,"href":"https:\/\/soldi.md\/ru\/wp-json\/wp\/v2\/media\/1622"}],"wp:attachment":[{"href":"https:\/\/soldi.md\/ru\/wp-json\/wp\/v2\/media?parent=1458"}],"wp:term":[{"taxonomy":"product_cat","embeddable":true,"href":"https:\/\/soldi.md\/ru\/wp-json\/wp\/v2\/product_cat?post=1458"},{"taxonomy":"product_tag","embeddable":true,"href":"https:\/\/soldi.md\/ru\/wp-json\/wp\/v2\/product_tag?post=1458"}],"curies":[{"name":"wp","href":"https:\/\/api.w.org\/{rel}","templated":true}]}}