{"id":1460,"date":"2023-08-08T18:03:04","date_gmt":"2023-08-08T15:03:04","guid":{"rendered":"https:\/\/soldi.md\/product\/revival-stucco\/"},"modified":"2023-10-11T14:02:20","modified_gmt":"2023-10-11T11:02:20","slug":"revival-stucco","status":"publish","type":"product","link":"https:\/\/soldi.md\/ru\/product\/revival-stucco\/","title":{"rendered":"REVIVAL STUCCO"},"content":{"rendered":"","protected":false},"excerpt":{"rendered":"<p><span data-sheets-value=\"{&quot;1&quot;:2,&quot;2&quot;:&quot;Acoperire ecologica decorativa cu efect \u2018\u2019Stucco Veneziano\u2019(Marmura) pe baza de var, pentru interior&quot;}\" data-sheets-userformat=\"{&quot;2&quot;:15041,&quot;3&quot;:{&quot;1&quot;:0},&quot;9&quot;:0,&quot;10&quot;:2,&quot;12&quot;:0,&quot;14&quot;:{&quot;1&quot;:2,&quot;2&quot;:0},&quot;15&quot;:&quot;-Webkit-Standard&quot;,&quot;16&quot;:14}\">Acoperire ecologica decorativa cu efect \u2018\u2019Stucco Veneziano\u2019(Marmura) pe baza de var, pentru interior<\/span><\/p>","protected":false},"featured_media":1622,"template":"","meta":{"inline_featured_image":false},"product_cat":[18,64],"product_tag":[],"acf":[],"yoast_head":"<!-- This site is optimized with the Yoast SEO Premium plugin v20.6 (Yoast SEO v20.11) - https:\/\/yoast.com\/wordpress\/plugins\/seo\/ -->\n<title>REVIVAL STUCCO &mdash; Soldi<\/title>\n<meta name=\"robots\" content=\"index, follow, max-snippet:-1, max-image-preview:large, max-video-preview:-1\" \/>\n<link rel=\"canonical\" href=\"https:\/\/soldi.md\/ru\/product\/revival-stucco\/\" \/>\n<meta property=\"og:locale\" content=\"ru_RU\" \/>\n<meta property=\"og:type\" content=\"article\" \/>\n<meta property=\"og:title\" content=\"REVIVAL STUCCO\" \/>\n<meta property=\"og:description\" content=\"Acoperire ecologica decorativa cu efect \u2018\u2019Stucco Veneziano\u2019(Marmura) pe baza de var, pentru interior\" \/>\n<meta property=\"og:url\" content=\"https:\/\/soldi.md\/ru\/product\/revival-stucco\/\" \/>\n<meta property=\"og:site_name\" content=\"Soldi\" \/>\n<meta property=\"article:modified_time\" content=\"2023-10-11T11:02:20+00:00\" \/>\n<meta property=\"og:image\" content=\"https:\/\/soldi.md\/wp-content\/uploads\/2023\/08\/CR6_0321-removebg-preview-1.png\" \/>\n\t<meta property=\"og:image:width\" content=\"1024\" \/>\n\t<meta property=\"og:image:height\" content=\"1024\" \/>\n\t<meta property=\"og:image:type\" content=\"image\/png\" \/>\n<meta name=\"twitter:card\" content=\"summary_large_image\" \/>\n<script type=\"application\/ld+json\" class=\"yoast-schema-graph\">{\"@context\":\"https:\/\/schema.org\",\"@graph\":[{\"@type\":\"WebPage\",\"@id\":\"https:\/\/soldi.md\/product\/revival-stucco\/\",\"url\":\"https:\/\/soldi.md\/product\/revival-stucco\/\",\"name\":\"REVIVAL STUCCO &mdash; Soldi\",\"isPartOf\":{\"@id\":\"https:\/\/soldi.md\/#website\"},\"datePublished\":\"2023-08-08T15:03:04+00:00\",\"dateModified\":\"2023-10-11T11:02:20+00:00\",\"breadcrumb\":{\"@id\":\"https:\/\/soldi.md\/product\/revival-stucco\/#breadcrumb\"},\"inLanguage\":\"ru-RU\",\"potentialAction\":[{\"@type\":\"ReadAction\",\"target\":[\"https:\/\/soldi.md\/product\/revival-stucco\/\"]}]},{\"@type\":\"BreadcrumbList\",\"@id\":\"https:\/\/soldi.md\/product\/revival-stucco\/#breadcrumb\",\"itemListElement\":[{\"@type\":\"ListItem\",\"position\":1,\"name\":\"Home\",\"item\":\"https:\/\/soldi.md\/\"},{\"@type\":\"ListItem\",\"position\":2,\"name\":\"Magazin\",\"item\":\"https:\/\/soldi.md\/magazin\/\"},{\"@type\":\"ListItem\",\"position\":3,\"name\":\"REVIVAL STUCCO\"}]},{\"@type\":\"WebSite\",\"@id\":\"https:\/\/soldi.md\/#website\",\"url\":\"https:\/\/soldi.md\/\",\"name\":\"Soldi\",\"description\":\"Construc\u021bii \u0219i finisaje ce r\u0103m\u00e2n \u00een timp!\",\"potentialAction\":[{\"@type\":\"SearchAction\",\"target\":{\"@type\":\"EntryPoint\",\"urlTemplate\":\"https:\/\/soldi.md\/?s={search_term_string}\"},\"query-input\":\"required name=search_term_string\"}],\"inLanguage\":\"ru-RU\"},{\"@type\":\"ImageObject\",\"inLanguage\":\"ru-RU\",\"@id\":\"https:\/\/soldi.md\/product\/revival-stucco\/#local-main-organization-logo\",\"url\":\"\",\"contentUrl\":\"\",\"caption\":\"Soldi\"}]}<\/script>\n<!-- \/ Yoast SEO Premium plugin. -->","yoast_head_json":{"title":"REVIVAL STUCCO &mdash; Soldi","robots":{"index":"index","follow":"follow","max-snippet":"max-snippet:-1","max-image-preview":"max-image-preview:large","max-video-preview":"max-video-preview:-1"},"canonical":"https:\/\/soldi.md\/ru\/product\/revival-stucco\/","og_locale":"ru_RU","og_type":"article","og_title":"REVIVAL STUCCO","og_description":"Acoperire ecologica decorativa cu efect \u2018\u2019Stucco Veneziano\u2019(Marmura) pe baza de var, pentru interior","og_url":"https:\/\/soldi.md\/ru\/product\/revival-stucco\/","og_site_name":"Soldi","article_modified_time":"2023-10-11T11:02:20+00:00","og_image":[{"width":1024,"height":1024,"url":"https:\/\/soldi.md\/wp-content\/uploads\/2023\/08\/CR6_0321-removebg-preview-1.png","type":"image\/png"}],"twitter_card":"summary_large_image","schema":{"@context":"https:\/\/schema.org","@graph":[{"@type":"WebPage","@id":"https:\/\/soldi.md\/product\/revival-stucco\/","url":"https:\/\/soldi.md\/product\/revival-stucco\/","name":"REVIVAL STUCCO &mdash; Soldi","isPartOf":{"@id":"https:\/\/soldi.md\/#website"},"datePublished":"2023-08-08T15:03:04+00:00","dateModified":"2023-10-11T11:02:20+00:00","breadcrumb":{"@id":"https:\/\/soldi.md\/product\/revival-stucco\/#breadcrumb"},"inLanguage":"ru-RU","potentialAction":[{"@type":"ReadAction","target":["https:\/\/soldi.md\/product\/revival-stucco\/"]}]},{"@type":"BreadcrumbList","@id":"https:\/\/soldi.md\/product\/revival-stucco\/#breadcrumb","itemListElement":[{"@type":"ListItem","position":1,"name":"Home","item":"https:\/\/soldi.md\/"},{"@type":"ListItem","position":2,"name":"Magazin","item":"https:\/\/soldi.md\/magazin\/"},{"@type":"ListItem","position":3,"name":"REVIVAL STUCCO"}]},{"@type":"WebSite","@id":"https:\/\/soldi.md\/#website","url":"https:\/\/soldi.md\/","name":"Soldi","description":"Construc\u021bii \u0219i finisaje ce r\u0103m\u00e2n \u00een timp!","potentialAction":[{"@type":"SearchAction","target":{"@type":"EntryPoint","urlTemplate":"https:\/\/soldi.md\/?s={search_term_string}"},"query-input":"required name=search_term_string"}],"inLanguage":"ru-RU"},{"@type":"ImageObject","inLanguage":"ru-RU","@id":"https:\/\/soldi.md\/product\/revival-stucco\/#local-main-organization-logo","url":"","contentUrl":"","caption":"Soldi"}]}},"_links":{"self":[{"href":"https:\/\/soldi.md\/ru\/wp-json\/wp\/v2\/product\/1460"}],"collection":[{"href":"https:\/\/soldi.md\/ru\/wp-json\/wp\/v2\/product"}],"about":[{"href":"https:\/\/soldi.md\/ru\/wp-json\/wp\/v2\/types\/product"}],"wp:featuredmedia":[{"embeddable":true,"href":"https:\/\/soldi.md\/ru\/wp-json\/wp\/v2\/media\/1622"}],"wp:attachment":[{"href":"https:\/\/soldi.md\/ru\/wp-json\/wp\/v2\/media?parent=1460"}],"wp:term":[{"taxonomy":"product_cat","embeddable":true,"href":"https:\/\/soldi.md\/ru\/wp-json\/wp\/v2\/product_cat?post=1460"},{"taxonomy":"product_tag","embeddable":true,"href":"https:\/\/soldi.md\/ru\/wp-json\/wp\/v2\/product_tag?post=1460"}],"curies":[{"name":"wp","href":"https:\/\/api.w.org\/{rel}","templated":true}]}}