{"id":1468,"date":"2023-08-08T18:06:18","date_gmt":"2023-08-08T15:06:18","guid":{"rendered":"https:\/\/soldi.md\/product\/plasa-de-armare-160g-m-p\/"},"modified":"2023-08-14T13:11:04","modified_gmt":"2023-08-14T10:11:04","slug":"plasa-de-armare-160g-m-p","status":"publish","type":"product","link":"https:\/\/soldi.md\/ru\/product\/plasa-de-armare-160g-m-p\/","title":{"rendered":"\u0410\u0440\u043c\u0438\u0440\u0443\u044e\u0449\u0430\u044f \u0441\u0435\u0442\u043a\u0430 160 \u0433\/\u043c.\u043f."},"content":{"rendered":"","protected":false},"excerpt":{"rendered":"<p>\u0410\u0440\u043c\u0438\u0440\u0443\u044e\u0449\u0430\u044f \u0441\u0435\u0442\u043a\u0430 \u0434\u043b\u044f \u0442\u0435\u0440\u043c\u043e\u0441\u0438\u0441\u0442\u0435\u043c<\/p>","protected":false},"featured_media":1607,"template":"","meta":{"inline_featured_image":false},"product_cat":[63,18],"product_tag":[],"acf":[],"yoast_head":"<!-- This site is optimized with the Yoast SEO Premium plugin v20.6 (Yoast SEO v20.11) - https:\/\/yoast.com\/wordpress\/plugins\/seo\/ -->\n<title>Plas\u0103 de armare 160g\/m.p. &mdash; Soldi<\/title>\n<meta name=\"robots\" content=\"index, follow, max-snippet:-1, max-image-preview:large, max-video-preview:-1\" \/>\n<link rel=\"canonical\" href=\"https:\/\/soldi.md\/ru\/product\/plasa-de-armare-160g-m-p\/\" \/>\n<meta property=\"og:locale\" content=\"ru_RU\" \/>\n<meta property=\"og:type\" content=\"article\" \/>\n<meta property=\"og:title\" content=\"Plas\u0103 de armare 160g\/m.p.\" \/>\n<meta property=\"og:description\" content=\"Plas\u0103 de armare pentru Termo-Sisteme\" \/>\n<meta property=\"og:url\" content=\"https:\/\/soldi.md\/ru\/product\/plasa-de-armare-160g-m-p\/\" \/>\n<meta property=\"og:site_name\" content=\"Soldi\" \/>\n<meta property=\"article:modified_time\" content=\"2023-08-14T10:11:04+00:00\" \/>\n<meta property=\"og:image\" content=\"https:\/\/soldi.md\/wp-content\/uploads\/2023\/08\/plasa-din-fibra-de-sticla-adeplast-160-gmp-50mp_11031_1_16554476894772-removebg-preview-1-1.png\" \/>\n\t<meta property=\"og:image:width\" content=\"1024\" \/>\n\t<meta property=\"og:image:height\" content=\"1024\" \/>\n\t<meta property=\"og:image:type\" content=\"image\/png\" \/>\n<meta name=\"twitter:card\" content=\"summary_large_image\" \/>\n<script type=\"application\/ld+json\" class=\"yoast-schema-graph\">{\"@context\":\"https:\/\/schema.org\",\"@graph\":[{\"@type\":\"WebPage\",\"@id\":\"https:\/\/soldi.md\/product\/plasa-de-armare-160g-m-p\/\",\"url\":\"https:\/\/soldi.md\/product\/plasa-de-armare-160g-m-p\/\",\"name\":\"Plas\u0103 de armare 160g\/m.p. &mdash; Soldi\",\"isPartOf\":{\"@id\":\"https:\/\/soldi.md\/#website\"},\"datePublished\":\"2023-08-08T15:06:18+00:00\",\"dateModified\":\"2023-08-14T10:11:04+00:00\",\"breadcrumb\":{\"@id\":\"https:\/\/soldi.md\/product\/plasa-de-armare-160g-m-p\/#breadcrumb\"},\"inLanguage\":\"ru-RU\",\"potentialAction\":[{\"@type\":\"ReadAction\",\"target\":[\"https:\/\/soldi.md\/product\/plasa-de-armare-160g-m-p\/\"]}]},{\"@type\":\"BreadcrumbList\",\"@id\":\"https:\/\/soldi.md\/product\/plasa-de-armare-160g-m-p\/#breadcrumb\",\"itemListElement\":[{\"@type\":\"ListItem\",\"position\":1,\"name\":\"Home\",\"item\":\"https:\/\/soldi.md\/\"},{\"@type\":\"ListItem\",\"position\":2,\"name\":\"Magazin\",\"item\":\"https:\/\/soldi.md\/magazin\/\"},{\"@type\":\"ListItem\",\"position\":3,\"name\":\"Plas\u0103 de armare 160g\/m.p.\"}]},{\"@type\":\"WebSite\",\"@id\":\"https:\/\/soldi.md\/#website\",\"url\":\"https:\/\/soldi.md\/\",\"name\":\"Soldi\",\"description\":\"Construc\u021bii \u0219i finisaje ce r\u0103m\u00e2n \u00een timp!\",\"potentialAction\":[{\"@type\":\"SearchAction\",\"target\":{\"@type\":\"EntryPoint\",\"urlTemplate\":\"https:\/\/soldi.md\/?s={search_term_string}\"},\"query-input\":\"required name=search_term_string\"}],\"inLanguage\":\"ru-RU\"},{\"@type\":\"ImageObject\",\"inLanguage\":\"ru-RU\",\"@id\":\"https:\/\/soldi.md\/product\/plasa-de-armare-160g-m-p\/#local-main-organization-logo\",\"url\":\"\",\"contentUrl\":\"\",\"caption\":\"Soldi\"}]}<\/script>\n<!-- \/ Yoast SEO Premium plugin. -->","yoast_head_json":{"title":"Plas\u0103 de armare 160g\/m.p. &mdash; Soldi","robots":{"index":"index","follow":"follow","max-snippet":"max-snippet:-1","max-image-preview":"max-image-preview:large","max-video-preview":"max-video-preview:-1"},"canonical":"https:\/\/soldi.md\/ru\/product\/plasa-de-armare-160g-m-p\/","og_locale":"ru_RU","og_type":"article","og_title":"Plas\u0103 de armare 160g\/m.p.","og_description":"Plas\u0103 de armare pentru Termo-Sisteme","og_url":"https:\/\/soldi.md\/ru\/product\/plasa-de-armare-160g-m-p\/","og_site_name":"Soldi","article_modified_time":"2023-08-14T10:11:04+00:00","og_image":[{"width":1024,"height":1024,"url":"https:\/\/soldi.md\/wp-content\/uploads\/2023\/08\/plasa-din-fibra-de-sticla-adeplast-160-gmp-50mp_11031_1_16554476894772-removebg-preview-1-1.png","type":"image\/png"}],"twitter_card":"summary_large_image","schema":{"@context":"https:\/\/schema.org","@graph":[{"@type":"WebPage","@id":"https:\/\/soldi.md\/product\/plasa-de-armare-160g-m-p\/","url":"https:\/\/soldi.md\/product\/plasa-de-armare-160g-m-p\/","name":"Plas\u0103 de armare 160g\/m.p. &mdash; Soldi","isPartOf":{"@id":"https:\/\/soldi.md\/#website"},"datePublished":"2023-08-08T15:06:18+00:00","dateModified":"2023-08-14T10:11:04+00:00","breadcrumb":{"@id":"https:\/\/soldi.md\/product\/plasa-de-armare-160g-m-p\/#breadcrumb"},"inLanguage":"ru-RU","potentialAction":[{"@type":"ReadAction","target":["https:\/\/soldi.md\/product\/plasa-de-armare-160g-m-p\/"]}]},{"@type":"BreadcrumbList","@id":"https:\/\/soldi.md\/product\/plasa-de-armare-160g-m-p\/#breadcrumb","itemListElement":[{"@type":"ListItem","position":1,"name":"Home","item":"https:\/\/soldi.md\/"},{"@type":"ListItem","position":2,"name":"Magazin","item":"https:\/\/soldi.md\/magazin\/"},{"@type":"ListItem","position":3,"name":"Plas\u0103 de armare 160g\/m.p."}]},{"@type":"WebSite","@id":"https:\/\/soldi.md\/#website","url":"https:\/\/soldi.md\/","name":"Soldi","description":"Construc\u021bii \u0219i finisaje ce r\u0103m\u00e2n \u00een timp!","potentialAction":[{"@type":"SearchAction","target":{"@type":"EntryPoint","urlTemplate":"https:\/\/soldi.md\/?s={search_term_string}"},"query-input":"required name=search_term_string"}],"inLanguage":"ru-RU"},{"@type":"ImageObject","inLanguage":"ru-RU","@id":"https:\/\/soldi.md\/product\/plasa-de-armare-160g-m-p\/#local-main-organization-logo","url":"","contentUrl":"","caption":"Soldi"}]}},"_links":{"self":[{"href":"https:\/\/soldi.md\/ru\/wp-json\/wp\/v2\/product\/1468"}],"collection":[{"href":"https:\/\/soldi.md\/ru\/wp-json\/wp\/v2\/product"}],"about":[{"href":"https:\/\/soldi.md\/ru\/wp-json\/wp\/v2\/types\/product"}],"wp:featuredmedia":[{"embeddable":true,"href":"https:\/\/soldi.md\/ru\/wp-json\/wp\/v2\/media\/1607"}],"wp:attachment":[{"href":"https:\/\/soldi.md\/ru\/wp-json\/wp\/v2\/media?parent=1468"}],"wp:term":[{"taxonomy":"product_cat","embeddable":true,"href":"https:\/\/soldi.md\/ru\/wp-json\/wp\/v2\/product_cat?post=1468"},{"taxonomy":"product_tag","embeddable":true,"href":"https:\/\/soldi.md\/ru\/wp-json\/wp\/v2\/product_tag?post=1468"}],"curies":[{"name":"wp","href":"https:\/\/api.w.org\/{rel}","templated":true}]}}