{"id":1496,"date":"2023-08-09T09:33:40","date_gmt":"2023-08-09T06:33:40","guid":{"rendered":"https:\/\/soldi.md\/product\/polistiren-eps-60\/"},"modified":"2023-10-10T13:26:31","modified_gmt":"2023-10-10T10:26:31","slug":"polistiren-eps-60","status":"publish","type":"product","link":"https:\/\/soldi.md\/ru\/product\/polistiren-eps-60\/","title":{"rendered":"Polistiren EPS &#8211; 60 ROZ"},"content":{"rendered":"","protected":false},"excerpt":{"rendered":"<p>\u0422\u0435\u043f\u043b\u043e\u0438\u0437\u043e\u043b\u044f\u0446\u0438\u043e\u043d\u043d\u044b\u0435 \u043b\u0438\u0441\u0442\u044b \u0438\u0437 \u0433\u0440\u0430\u043d\u0443\u043b \u043f\u0435\u043d\u043e\u043f\u043e\u043b\u0438\u0441\u0442\u0438\u0440\u043e\u043b\u0430 \u0434\u043b\u044f \u0437\u0434\u0430\u043d\u0438\u0439<\/p>","protected":false},"featured_media":2257,"template":"","meta":{"inline_featured_image":false},"product_cat":[20,18],"product_tag":[],"acf":[],"yoast_head":"<!-- This site is optimized with the Yoast SEO Premium plugin v20.6 (Yoast SEO v20.11) - https:\/\/yoast.com\/wordpress\/plugins\/seo\/ -->\n<title>Polistiren EPS - 60 ROZ &mdash; Soldi<\/title>\n<meta name=\"robots\" content=\"index, follow, max-snippet:-1, max-image-preview:large, max-video-preview:-1\" \/>\n<link rel=\"canonical\" href=\"https:\/\/soldi.md\/ru\/product\/polistiren-eps-60\/\" \/>\n<meta property=\"og:locale\" content=\"ru_RU\" \/>\n<meta property=\"og:type\" content=\"article\" \/>\n<meta property=\"og:title\" content=\"Polistiren EPS - 60 ROZ\" \/>\n<meta property=\"og:description\" content=\"Placi termoizolante din granule de polistiren expandat pentru cladiri\" \/>\n<meta property=\"og:url\" content=\"https:\/\/soldi.md\/ru\/product\/polistiren-eps-60\/\" \/>\n<meta property=\"og:site_name\" content=\"Soldi\" \/>\n<meta property=\"article:modified_time\" content=\"2023-10-10T10:26:31+00:00\" \/>\n<meta property=\"og:image\" content=\"https:\/\/soldi.md\/wp-content\/uploads\/2023\/08\/0010132-1-1.png\" \/>\n\t<meta property=\"og:image:width\" content=\"1000\" \/>\n\t<meta property=\"og:image:height\" content=\"1000\" \/>\n\t<meta property=\"og:image:type\" content=\"image\/png\" \/>\n<meta name=\"twitter:card\" content=\"summary_large_image\" \/>\n<script type=\"application\/ld+json\" class=\"yoast-schema-graph\">{\"@context\":\"https:\/\/schema.org\",\"@graph\":[{\"@type\":\"WebPage\",\"@id\":\"https:\/\/soldi.md\/product\/polistiren-eps-60\/\",\"url\":\"https:\/\/soldi.md\/product\/polistiren-eps-60\/\",\"name\":\"Polistiren EPS - 60 ROZ &mdash; Soldi\",\"isPartOf\":{\"@id\":\"https:\/\/soldi.md\/#website\"},\"datePublished\":\"2023-08-09T06:33:40+00:00\",\"dateModified\":\"2023-10-10T10:26:31+00:00\",\"breadcrumb\":{\"@id\":\"https:\/\/soldi.md\/product\/polistiren-eps-60\/#breadcrumb\"},\"inLanguage\":\"ru-RU\",\"potentialAction\":[{\"@type\":\"ReadAction\",\"target\":[\"https:\/\/soldi.md\/product\/polistiren-eps-60\/\"]}]},{\"@type\":\"BreadcrumbList\",\"@id\":\"https:\/\/soldi.md\/product\/polistiren-eps-60\/#breadcrumb\",\"itemListElement\":[{\"@type\":\"ListItem\",\"position\":1,\"name\":\"Home\",\"item\":\"https:\/\/soldi.md\/\"},{\"@type\":\"ListItem\",\"position\":2,\"name\":\"Magazin\",\"item\":\"https:\/\/soldi.md\/magazin\/\"},{\"@type\":\"ListItem\",\"position\":3,\"name\":\"Polistiren EPS &#8211; 60 ROZ\"}]},{\"@type\":\"WebSite\",\"@id\":\"https:\/\/soldi.md\/#website\",\"url\":\"https:\/\/soldi.md\/\",\"name\":\"Soldi\",\"description\":\"Construc\u021bii \u0219i finisaje ce r\u0103m\u00e2n \u00een timp!\",\"potentialAction\":[{\"@type\":\"SearchAction\",\"target\":{\"@type\":\"EntryPoint\",\"urlTemplate\":\"https:\/\/soldi.md\/?s={search_term_string}\"},\"query-input\":\"required name=search_term_string\"}],\"inLanguage\":\"ru-RU\"},{\"@type\":\"ImageObject\",\"inLanguage\":\"ru-RU\",\"@id\":\"https:\/\/soldi.md\/product\/polistiren-eps-60\/#local-main-organization-logo\",\"url\":\"\",\"contentUrl\":\"\",\"caption\":\"Soldi\"}]}<\/script>\n<!-- \/ Yoast SEO Premium plugin. -->","yoast_head_json":{"title":"Polistiren EPS - 60 ROZ &mdash; Soldi","robots":{"index":"index","follow":"follow","max-snippet":"max-snippet:-1","max-image-preview":"max-image-preview:large","max-video-preview":"max-video-preview:-1"},"canonical":"https:\/\/soldi.md\/ru\/product\/polistiren-eps-60\/","og_locale":"ru_RU","og_type":"article","og_title":"Polistiren EPS - 60 ROZ","og_description":"Placi termoizolante din granule de polistiren expandat pentru cladiri","og_url":"https:\/\/soldi.md\/ru\/product\/polistiren-eps-60\/","og_site_name":"Soldi","article_modified_time":"2023-10-10T10:26:31+00:00","og_image":[{"width":1000,"height":1000,"url":"https:\/\/soldi.md\/wp-content\/uploads\/2023\/08\/0010132-1-1.png","type":"image\/png"}],"twitter_card":"summary_large_image","schema":{"@context":"https:\/\/schema.org","@graph":[{"@type":"WebPage","@id":"https:\/\/soldi.md\/product\/polistiren-eps-60\/","url":"https:\/\/soldi.md\/product\/polistiren-eps-60\/","name":"Polistiren EPS - 60 ROZ &mdash; Soldi","isPartOf":{"@id":"https:\/\/soldi.md\/#website"},"datePublished":"2023-08-09T06:33:40+00:00","dateModified":"2023-10-10T10:26:31+00:00","breadcrumb":{"@id":"https:\/\/soldi.md\/product\/polistiren-eps-60\/#breadcrumb"},"inLanguage":"ru-RU","potentialAction":[{"@type":"ReadAction","target":["https:\/\/soldi.md\/product\/polistiren-eps-60\/"]}]},{"@type":"BreadcrumbList","@id":"https:\/\/soldi.md\/product\/polistiren-eps-60\/#breadcrumb","itemListElement":[{"@type":"ListItem","position":1,"name":"Home","item":"https:\/\/soldi.md\/"},{"@type":"ListItem","position":2,"name":"Magazin","item":"https:\/\/soldi.md\/magazin\/"},{"@type":"ListItem","position":3,"name":"Polistiren EPS &#8211; 60 ROZ"}]},{"@type":"WebSite","@id":"https:\/\/soldi.md\/#website","url":"https:\/\/soldi.md\/","name":"Soldi","description":"Construc\u021bii \u0219i finisaje ce r\u0103m\u00e2n \u00een timp!","potentialAction":[{"@type":"SearchAction","target":{"@type":"EntryPoint","urlTemplate":"https:\/\/soldi.md\/?s={search_term_string}"},"query-input":"required name=search_term_string"}],"inLanguage":"ru-RU"},{"@type":"ImageObject","inLanguage":"ru-RU","@id":"https:\/\/soldi.md\/product\/polistiren-eps-60\/#local-main-organization-logo","url":"","contentUrl":"","caption":"Soldi"}]}},"_links":{"self":[{"href":"https:\/\/soldi.md\/ru\/wp-json\/wp\/v2\/product\/1496"}],"collection":[{"href":"https:\/\/soldi.md\/ru\/wp-json\/wp\/v2\/product"}],"about":[{"href":"https:\/\/soldi.md\/ru\/wp-json\/wp\/v2\/types\/product"}],"wp:featuredmedia":[{"embeddable":true,"href":"https:\/\/soldi.md\/ru\/wp-json\/wp\/v2\/media\/2257"}],"wp:attachment":[{"href":"https:\/\/soldi.md\/ru\/wp-json\/wp\/v2\/media?parent=1496"}],"wp:term":[{"taxonomy":"product_cat","embeddable":true,"href":"https:\/\/soldi.md\/ru\/wp-json\/wp\/v2\/product_cat?post=1496"},{"taxonomy":"product_tag","embeddable":true,"href":"https:\/\/soldi.md\/ru\/wp-json\/wp\/v2\/product_tag?post=1496"}],"curies":[{"name":"wp","href":"https:\/\/api.w.org\/{rel}","templated":true}]}}