{"id":2262,"date":"2023-10-10T14:12:56","date_gmt":"2023-10-10T11:12:56","guid":{"rendered":"https:\/\/soldi.md\/?post_type=product&#038;p=2262"},"modified":"2023-10-11T13:25:07","modified_gmt":"2023-10-11T10:25:07","slug":"novatec-pa-45kg-5c","status":"publish","type":"product","link":"https:\/\/soldi.md\/ru\/product\/novatec-pa-45kg-5c\/","title":{"rendered":"Novatec PA 4,5kg (-5C)"},"content":{"rendered":"","protected":false},"excerpt":{"rendered":"<p>\u0411\u0438\u0442\u0443\u043c\u043d\u0430\u044f \u043c\u0435\u043c\u0431\u0440\u0430\u043d\u0430 \u0434\u043b\u044f \u0433\u0438\u0434\u0440\u043e\u0438\u0437\u043e\u043b\u044f\u0446\u0438\u043e\u043d\u043d\u044b\u0445 \u0440\u0430\u0431\u043e\u0442<\/p>","protected":false},"featured_media":2263,"template":"","meta":{"inline_featured_image":false},"product_cat":[65],"product_tag":[],"acf":[],"yoast_head":"<!-- This site is optimized with the Yoast SEO Premium plugin v20.6 (Yoast SEO v20.11) - https:\/\/yoast.com\/wordpress\/plugins\/seo\/ -->\n<title>Novatec PA 4,5kg (-5C) &mdash; Soldi<\/title>\n<meta name=\"robots\" content=\"index, follow, max-snippet:-1, max-image-preview:large, max-video-preview:-1\" \/>\n<link rel=\"canonical\" href=\"https:\/\/soldi.md\/ru\/product\/novatec-pa-45kg-5c\/\" \/>\n<meta property=\"og:locale\" content=\"ru_RU\" \/>\n<meta property=\"og:type\" content=\"article\" \/>\n<meta property=\"og:title\" content=\"Novatec PA 4,5kg (-5C)\" \/>\n<meta property=\"og:description\" content=\"Membrana bituminoasa pentru lucrari de hidroizolatii\" \/>\n<meta property=\"og:url\" content=\"https:\/\/soldi.md\/ru\/product\/novatec-pa-45kg-5c\/\" \/>\n<meta property=\"og:site_name\" content=\"Soldi\" \/>\n<meta property=\"article:modified_time\" content=\"2023-10-11T10:25:07+00:00\" \/>\n<meta property=\"og:image\" content=\"https:\/\/soldi.md\/wp-content\/uploads\/2023\/10\/91bbfe79-2c43-4292-a9de-6d9ace9a87e6-removebg-preview.png\" \/>\n\t<meta property=\"og:image:width\" content=\"500\" \/>\n\t<meta property=\"og:image:height\" content=\"500\" \/>\n\t<meta property=\"og:image:type\" content=\"image\/png\" \/>\n<meta name=\"twitter:card\" content=\"summary_large_image\" \/>\n<script type=\"application\/ld+json\" class=\"yoast-schema-graph\">{\"@context\":\"https:\/\/schema.org\",\"@graph\":[{\"@type\":\"WebPage\",\"@id\":\"https:\/\/soldi.md\/product\/novatec-pa-45kg-5c\/\",\"url\":\"https:\/\/soldi.md\/product\/novatec-pa-45kg-5c\/\",\"name\":\"Novatec PA 4,5kg (-5C) &mdash; Soldi\",\"isPartOf\":{\"@id\":\"https:\/\/soldi.md\/#website\"},\"datePublished\":\"2023-10-10T11:12:56+00:00\",\"dateModified\":\"2023-10-11T10:25:07+00:00\",\"breadcrumb\":{\"@id\":\"https:\/\/soldi.md\/product\/novatec-pa-45kg-5c\/#breadcrumb\"},\"inLanguage\":\"ru-RU\",\"potentialAction\":[{\"@type\":\"ReadAction\",\"target\":[\"https:\/\/soldi.md\/product\/novatec-pa-45kg-5c\/\"]}]},{\"@type\":\"BreadcrumbList\",\"@id\":\"https:\/\/soldi.md\/product\/novatec-pa-45kg-5c\/#breadcrumb\",\"itemListElement\":[{\"@type\":\"ListItem\",\"position\":1,\"name\":\"Home\",\"item\":\"https:\/\/soldi.md\/\"},{\"@type\":\"ListItem\",\"position\":2,\"name\":\"Magazin\",\"item\":\"https:\/\/soldi.md\/magazin\/\"},{\"@type\":\"ListItem\",\"position\":3,\"name\":\"Novatec PA 4,5kg (-5C)\"}]},{\"@type\":\"WebSite\",\"@id\":\"https:\/\/soldi.md\/#website\",\"url\":\"https:\/\/soldi.md\/\",\"name\":\"Soldi\",\"description\":\"Construc\u021bii \u0219i finisaje ce r\u0103m\u00e2n \u00een timp!\",\"potentialAction\":[{\"@type\":\"SearchAction\",\"target\":{\"@type\":\"EntryPoint\",\"urlTemplate\":\"https:\/\/soldi.md\/?s={search_term_string}\"},\"query-input\":\"required name=search_term_string\"}],\"inLanguage\":\"ru-RU\"},{\"@type\":\"ImageObject\",\"inLanguage\":\"ru-RU\",\"@id\":\"https:\/\/soldi.md\/product\/novatec-pa-45kg-5c\/#local-main-organization-logo\",\"url\":\"\",\"contentUrl\":\"\",\"caption\":\"Soldi\"}]}<\/script>\n<!-- \/ Yoast SEO Premium plugin. -->","yoast_head_json":{"title":"Novatec PA 4,5kg (-5C) &mdash; Soldi","robots":{"index":"index","follow":"follow","max-snippet":"max-snippet:-1","max-image-preview":"max-image-preview:large","max-video-preview":"max-video-preview:-1"},"canonical":"https:\/\/soldi.md\/ru\/product\/novatec-pa-45kg-5c\/","og_locale":"ru_RU","og_type":"article","og_title":"Novatec PA 4,5kg (-5C)","og_description":"Membrana bituminoasa pentru lucrari de hidroizolatii","og_url":"https:\/\/soldi.md\/ru\/product\/novatec-pa-45kg-5c\/","og_site_name":"Soldi","article_modified_time":"2023-10-11T10:25:07+00:00","og_image":[{"width":500,"height":500,"url":"https:\/\/soldi.md\/wp-content\/uploads\/2023\/10\/91bbfe79-2c43-4292-a9de-6d9ace9a87e6-removebg-preview.png","type":"image\/png"}],"twitter_card":"summary_large_image","schema":{"@context":"https:\/\/schema.org","@graph":[{"@type":"WebPage","@id":"https:\/\/soldi.md\/product\/novatec-pa-45kg-5c\/","url":"https:\/\/soldi.md\/product\/novatec-pa-45kg-5c\/","name":"Novatec PA 4,5kg (-5C) &mdash; Soldi","isPartOf":{"@id":"https:\/\/soldi.md\/#website"},"datePublished":"2023-10-10T11:12:56+00:00","dateModified":"2023-10-11T10:25:07+00:00","breadcrumb":{"@id":"https:\/\/soldi.md\/product\/novatec-pa-45kg-5c\/#breadcrumb"},"inLanguage":"ru-RU","potentialAction":[{"@type":"ReadAction","target":["https:\/\/soldi.md\/product\/novatec-pa-45kg-5c\/"]}]},{"@type":"BreadcrumbList","@id":"https:\/\/soldi.md\/product\/novatec-pa-45kg-5c\/#breadcrumb","itemListElement":[{"@type":"ListItem","position":1,"name":"Home","item":"https:\/\/soldi.md\/"},{"@type":"ListItem","position":2,"name":"Magazin","item":"https:\/\/soldi.md\/magazin\/"},{"@type":"ListItem","position":3,"name":"Novatec PA 4,5kg (-5C)"}]},{"@type":"WebSite","@id":"https:\/\/soldi.md\/#website","url":"https:\/\/soldi.md\/","name":"Soldi","description":"Construc\u021bii \u0219i finisaje ce r\u0103m\u00e2n \u00een timp!","potentialAction":[{"@type":"SearchAction","target":{"@type":"EntryPoint","urlTemplate":"https:\/\/soldi.md\/?s={search_term_string}"},"query-input":"required name=search_term_string"}],"inLanguage":"ru-RU"},{"@type":"ImageObject","inLanguage":"ru-RU","@id":"https:\/\/soldi.md\/product\/novatec-pa-45kg-5c\/#local-main-organization-logo","url":"","contentUrl":"","caption":"Soldi"}]}},"_links":{"self":[{"href":"https:\/\/soldi.md\/ru\/wp-json\/wp\/v2\/product\/2262"}],"collection":[{"href":"https:\/\/soldi.md\/ru\/wp-json\/wp\/v2\/product"}],"about":[{"href":"https:\/\/soldi.md\/ru\/wp-json\/wp\/v2\/types\/product"}],"wp:featuredmedia":[{"embeddable":true,"href":"https:\/\/soldi.md\/ru\/wp-json\/wp\/v2\/media\/2263"}],"wp:attachment":[{"href":"https:\/\/soldi.md\/ru\/wp-json\/wp\/v2\/media?parent=2262"}],"wp:term":[{"taxonomy":"product_cat","embeddable":true,"href":"https:\/\/soldi.md\/ru\/wp-json\/wp\/v2\/product_cat?post=2262"},{"taxonomy":"product_tag","embeddable":true,"href":"https:\/\/soldi.md\/ru\/wp-json\/wp\/v2\/product_tag?post=2262"}],"curies":[{"name":"wp","href":"https:\/\/api.w.org\/{rel}","templated":true}]}}