{"id":2283,"date":"2023-10-10T15:42:19","date_gmt":"2023-10-10T12:42:19","guid":{"rendered":"https:\/\/soldi.md\/?post_type=product&#038;p=2283"},"modified":"2023-10-11T13:25:36","modified_gmt":"2023-10-11T10:25:36","slug":"novatec-p-4-kg","status":"publish","type":"product","link":"https:\/\/soldi.md\/ru\/product\/novatec-p-4-kg\/","title":{"rendered":"Novatec P 4 kg"},"content":{"rendered":"","protected":false},"excerpt":{"rendered":"<p>Membran\u0103 bituminoas\u0103 cu arm\u0103tura de poliester stabilizat cu fibre de sticl\u0103<\/p>","protected":false},"featured_media":2284,"template":"","meta":{"inline_featured_image":false},"product_cat":[65],"product_tag":[],"acf":[],"yoast_head":"<!-- This site is optimized with the Yoast SEO Premium plugin v20.6 (Yoast SEO v20.11) - https:\/\/yoast.com\/wordpress\/plugins\/seo\/ -->\n<title>Novatec P 4 kg &mdash; Soldi<\/title>\n<meta name=\"robots\" content=\"index, follow, max-snippet:-1, max-image-preview:large, max-video-preview:-1\" \/>\n<link rel=\"canonical\" href=\"https:\/\/soldi.md\/ru\/product\/novatec-p-4-kg\/\" \/>\n<meta property=\"og:locale\" content=\"ru_RU\" \/>\n<meta property=\"og:type\" content=\"article\" \/>\n<meta property=\"og:title\" content=\"Novatec P 4 kg\" \/>\n<meta property=\"og:description\" content=\"Membran\u0103 bituminoas\u0103 cu arm\u0103tura de poliester stabilizat cu fibre de sticl\u0103\" \/>\n<meta property=\"og:url\" content=\"https:\/\/soldi.md\/ru\/product\/novatec-p-4-kg\/\" \/>\n<meta property=\"og:site_name\" content=\"Soldi\" \/>\n<meta property=\"article:modified_time\" content=\"2023-10-11T10:25:36+00:00\" \/>\n<meta property=\"og:image\" content=\"https:\/\/soldi.md\/wp-content\/uploads\/2023\/10\/b9a6bcfb-aaf4-4314-85ef-e6b1f342501b-removebg-preview.png\" \/>\n\t<meta property=\"og:image:width\" content=\"500\" \/>\n\t<meta property=\"og:image:height\" content=\"500\" \/>\n\t<meta property=\"og:image:type\" content=\"image\/png\" \/>\n<meta name=\"twitter:card\" content=\"summary_large_image\" \/>\n<script type=\"application\/ld+json\" class=\"yoast-schema-graph\">{\"@context\":\"https:\/\/schema.org\",\"@graph\":[{\"@type\":\"WebPage\",\"@id\":\"https:\/\/soldi.md\/product\/novatec-p-4-kg\/\",\"url\":\"https:\/\/soldi.md\/product\/novatec-p-4-kg\/\",\"name\":\"Novatec P 4 kg &mdash; Soldi\",\"isPartOf\":{\"@id\":\"https:\/\/soldi.md\/#website\"},\"datePublished\":\"2023-10-10T12:42:19+00:00\",\"dateModified\":\"2023-10-11T10:25:36+00:00\",\"breadcrumb\":{\"@id\":\"https:\/\/soldi.md\/product\/novatec-p-4-kg\/#breadcrumb\"},\"inLanguage\":\"ru-RU\",\"potentialAction\":[{\"@type\":\"ReadAction\",\"target\":[\"https:\/\/soldi.md\/product\/novatec-p-4-kg\/\"]}]},{\"@type\":\"BreadcrumbList\",\"@id\":\"https:\/\/soldi.md\/product\/novatec-p-4-kg\/#breadcrumb\",\"itemListElement\":[{\"@type\":\"ListItem\",\"position\":1,\"name\":\"Home\",\"item\":\"https:\/\/soldi.md\/\"},{\"@type\":\"ListItem\",\"position\":2,\"name\":\"Magazin\",\"item\":\"https:\/\/soldi.md\/magazin\/\"},{\"@type\":\"ListItem\",\"position\":3,\"name\":\"Novatec P 4 kg\"}]},{\"@type\":\"WebSite\",\"@id\":\"https:\/\/soldi.md\/#website\",\"url\":\"https:\/\/soldi.md\/\",\"name\":\"Soldi\",\"description\":\"Construc\u021bii \u0219i finisaje ce r\u0103m\u00e2n \u00een timp!\",\"potentialAction\":[{\"@type\":\"SearchAction\",\"target\":{\"@type\":\"EntryPoint\",\"urlTemplate\":\"https:\/\/soldi.md\/?s={search_term_string}\"},\"query-input\":\"required name=search_term_string\"}],\"inLanguage\":\"ru-RU\"},{\"@type\":\"ImageObject\",\"inLanguage\":\"ru-RU\",\"@id\":\"https:\/\/soldi.md\/product\/novatec-p-4-kg\/#local-main-organization-logo\",\"url\":\"\",\"contentUrl\":\"\",\"caption\":\"Soldi\"}]}<\/script>\n<!-- \/ Yoast SEO Premium plugin. -->","yoast_head_json":{"title":"Novatec P 4 kg &mdash; Soldi","robots":{"index":"index","follow":"follow","max-snippet":"max-snippet:-1","max-image-preview":"max-image-preview:large","max-video-preview":"max-video-preview:-1"},"canonical":"https:\/\/soldi.md\/ru\/product\/novatec-p-4-kg\/","og_locale":"ru_RU","og_type":"article","og_title":"Novatec P 4 kg","og_description":"Membran\u0103 bituminoas\u0103 cu arm\u0103tura de poliester stabilizat cu fibre de sticl\u0103","og_url":"https:\/\/soldi.md\/ru\/product\/novatec-p-4-kg\/","og_site_name":"Soldi","article_modified_time":"2023-10-11T10:25:36+00:00","og_image":[{"width":500,"height":500,"url":"https:\/\/soldi.md\/wp-content\/uploads\/2023\/10\/b9a6bcfb-aaf4-4314-85ef-e6b1f342501b-removebg-preview.png","type":"image\/png"}],"twitter_card":"summary_large_image","schema":{"@context":"https:\/\/schema.org","@graph":[{"@type":"WebPage","@id":"https:\/\/soldi.md\/product\/novatec-p-4-kg\/","url":"https:\/\/soldi.md\/product\/novatec-p-4-kg\/","name":"Novatec P 4 kg &mdash; Soldi","isPartOf":{"@id":"https:\/\/soldi.md\/#website"},"datePublished":"2023-10-10T12:42:19+00:00","dateModified":"2023-10-11T10:25:36+00:00","breadcrumb":{"@id":"https:\/\/soldi.md\/product\/novatec-p-4-kg\/#breadcrumb"},"inLanguage":"ru-RU","potentialAction":[{"@type":"ReadAction","target":["https:\/\/soldi.md\/product\/novatec-p-4-kg\/"]}]},{"@type":"BreadcrumbList","@id":"https:\/\/soldi.md\/product\/novatec-p-4-kg\/#breadcrumb","itemListElement":[{"@type":"ListItem","position":1,"name":"Home","item":"https:\/\/soldi.md\/"},{"@type":"ListItem","position":2,"name":"Magazin","item":"https:\/\/soldi.md\/magazin\/"},{"@type":"ListItem","position":3,"name":"Novatec P 4 kg"}]},{"@type":"WebSite","@id":"https:\/\/soldi.md\/#website","url":"https:\/\/soldi.md\/","name":"Soldi","description":"Construc\u021bii \u0219i finisaje ce r\u0103m\u00e2n \u00een timp!","potentialAction":[{"@type":"SearchAction","target":{"@type":"EntryPoint","urlTemplate":"https:\/\/soldi.md\/?s={search_term_string}"},"query-input":"required name=search_term_string"}],"inLanguage":"ru-RU"},{"@type":"ImageObject","inLanguage":"ru-RU","@id":"https:\/\/soldi.md\/product\/novatec-p-4-kg\/#local-main-organization-logo","url":"","contentUrl":"","caption":"Soldi"}]}},"_links":{"self":[{"href":"https:\/\/soldi.md\/ru\/wp-json\/wp\/v2\/product\/2283"}],"collection":[{"href":"https:\/\/soldi.md\/ru\/wp-json\/wp\/v2\/product"}],"about":[{"href":"https:\/\/soldi.md\/ru\/wp-json\/wp\/v2\/types\/product"}],"wp:featuredmedia":[{"embeddable":true,"href":"https:\/\/soldi.md\/ru\/wp-json\/wp\/v2\/media\/2284"}],"wp:attachment":[{"href":"https:\/\/soldi.md\/ru\/wp-json\/wp\/v2\/media?parent=2283"}],"wp:term":[{"taxonomy":"product_cat","embeddable":true,"href":"https:\/\/soldi.md\/ru\/wp-json\/wp\/v2\/product_cat?post=2283"},{"taxonomy":"product_tag","embeddable":true,"href":"https:\/\/soldi.md\/ru\/wp-json\/wp\/v2\/product_tag?post=2283"}],"curies":[{"name":"wp","href":"https:\/\/api.w.org\/{rel}","templated":true}]}}